{"id":415,"date":"2024-08-21T16:37:32","date_gmt":"2024-08-21T16:37:32","guid":{"rendered":"http:\/\/74.163.209.120\/?page_id=415"},"modified":"2024-09-24T16:00:02","modified_gmt":"2024-09-24T20:00:02","slug":"servicios","status":"publish","type":"page","link":"https:\/\/www.archivos.com.py\/?page_id=415","title":{"rendered":"Servicios"},"content":{"rendered":"\t\t<div data-elementor-type=\"wp-page\" data-elementor-id=\"415\" class=\"elementor elementor-415\" data-elementor-post-type=\"page\">\n\t\t\t\t<div class=\"elementor-element elementor-element-6f6b82a e-con-full e-flex wpr-particle-no wpr-equal-height-no e-con e-parent\" data-id=\"6f6b82a\" data-element_type=\"container\" data-e-type=\"container\">\n\t\t\t\t<div class=\"elementor-element elementor-element-393b47a elementor-widget elementor-widget-prime-slider-pagepiling\" data-id=\"393b47a\" data-element_type=\"widget\" data-e-type=\"widget\" data-widget_type=\"prime-slider-pagepiling.default\">\n\t\t\t\t<div class=\"elementor-widget-container\">\n\t\t\t\t\t\t\t<div class=\"bdt-pagepiling-slider\" data-settings=\"{&quot;scrollingSpeed&quot;:700,&quot;autoplay&quot;:false,&quot;autoplay_duration&quot;:1000,&quot;loopBottom&quot;:true,&quot;loopTop&quot;:true}\" id=\"bdt-393b47a\">\n\n\t\t\t\t\t\t\t\t    \n\t\t\t\t<div class=\"section elementor-repeater-item-cc9e02e\" id=\"section-cc9e02e\" style=\"background-image: url('https:\/\/www.archivos.com.py\/wp-content\/uploads\/2024\/09\/Administracion-y-guarda-de-codumentos-img.jpeg');\">\n\n\t\t\t\t\t\t\t<div class=\"bdt-prime-slider-content\">\n\t\t\t<div data-bdt-slideshow-parallax=\"y: 150,0,-100; opacity: 1,1,0\">\n\t\t\t\t\t\t\t<\/div>\n\n\t\t\t\n\t\t\t\t\t\t\t<div class=\"bdt-main-title\">\n\t\t\t\t\t<h1 class=\"bdt-title-tag\"  data-bdt-slideshow-parallax=\"y: 50,0,-50; opacity: 1,1,0\">\n\t\t\t\t\t\t\t\t\t\t\t\t\t<span class=\"frist-word\">Administraci\u00f3n<\/span> y Guarda de documentos\t\t\t\t\t\t\t\t\t\t\t\t<\/h1>\n\t\t\t\t<\/div>\n\t\t\t\n\t\t\t\t\t\t\t<div class=\"bdt-slider-excerpt\" data-bdt-slideshow-parallax=\"y: 100,0,-80; opacity: 1,1,0\">\n\t\t\t\t\t<p><span style=\"vertical-align: inherit\"><span style=\"vertical-align: inherit\"><span style=\"vertical-align: inherit\"><span style=\"vertical-align: inherit\">Almacenamiento, organizaci\u00f3n y custodia de documentos f\u00edsicos.<\/span><\/span><\/span><\/span><\/p>\t\t\t\t<\/div>\n\t\t\t\n\t\t\t<div data-bdt-slideshow-parallax=\"y: 150,0,-100; opacity: 1,1,0\">\n\t\t\t\t\n\t\t\n\t\t\t<a class=\"bdt-slide-btn\" href=\"https:\/\/www.archivos.com.py\/?page_id=433\" aria-label=\"Ver Servicio Button\">\n\n\t\t\t\t<span class=\"bdt-button-circle\" aria-hidden=\"true\">\n\t\t\t\t\t<span class=\"icon arrow\"><\/span>\n\t\t\t\t<\/span>\n\t\t\t\t<span class=\"bdt-button-text\">\n\t\t\t\t\tVer Servicio\t\t\t\t<\/span>\n\n\t\t\t<\/a>\n\n\t\t\t\n\t\t\t\t\t<\/div>\n\t\t<\/div>\n\n        \n\t\t\t\t\t<div class=\"bdt-ps-overlay\"><\/div>\n\t\t\t\t<\/div>\n\n\t\t\t\t\t\t\t\t    \n\t\t\t\t<div class=\"section elementor-repeater-item-66e2522\" id=\"section-66e2522\" style=\"background-image: url('https:\/\/www.archivos.com.py\/wp-content\/uploads\/2024\/08\/digitalizacion.webp');\">\n\n\t\t\t\t\t\t\t<div class=\"bdt-prime-slider-content\">\n\t\t\t<div data-bdt-slideshow-parallax=\"y: 150,0,-100; opacity: 1,1,0\">\n\t\t\t\t\t\t\t<\/div>\n\n\t\t\t\n\t\t\t\t\t\t\t<div class=\"bdt-main-title\">\n\t\t\t\t\t<h1 class=\"bdt-title-tag\"  data-bdt-slideshow-parallax=\"y: 50,0,-50; opacity: 1,1,0\">\n\t\t\t\t\t\t\t\t\t\t\t\t\t<span class=\"frist-word\"><\/span> Digitalizaci\u00f3n de Documentos\t\t\t\t\t\t\t\t\t\t\t\t<\/h1>\n\t\t\t\t<\/div>\n\t\t\t\n\t\t\t\t\t\t\t<div class=\"bdt-slider-excerpt\" data-bdt-slideshow-parallax=\"y: 100,0,-80; opacity: 1,1,0\">\n\t\t\t\t\t<p><span style=\"vertical-align: inherit\"><span style=\"vertical-align: inherit\"><span style=\"vertical-align: inherit\"><span style=\"vertical-align: inherit\">Documentos f\u00edsicos convertidos a digital.<\/span><\/span><\/span><\/span><\/p>\t\t\t\t<\/div>\n\t\t\t\n\t\t\t<div data-bdt-slideshow-parallax=\"y: 150,0,-100; opacity: 1,1,0\">\n\t\t\t\t\n\t\t\n\t\t\t<a class=\"bdt-slide-btn\" href=\"https:\/\/www.archivos.com.py\/?page_id=562\" aria-label=\"Ver Servicio Button\">\n\n\t\t\t\t<span class=\"bdt-button-circle\" aria-hidden=\"true\">\n\t\t\t\t\t<span class=\"icon arrow\"><\/span>\n\t\t\t\t<\/span>\n\t\t\t\t<span class=\"bdt-button-text\">\n\t\t\t\t\tVer Servicio\t\t\t\t<\/span>\n\n\t\t\t<\/a>\n\n\t\t\t\n\t\t\t\t\t<\/div>\n\t\t<\/div>\n\n        \n\t\t\t\t\t<div class=\"bdt-ps-overlay\"><\/div>\n\t\t\t\t<\/div>\n\n\t\t\t\t\t\t\t\t    \n\t\t\t\t<div class=\"section elementor-repeater-item-792dd18\" id=\"section-792dd18\" style=\"background-image: url('https:\/\/www.archivos.com.py\/wp-content\/uploads\/2024\/08\/SECCION-CONSULTORIA.webp');\">\n\n\t\t\t\t\t\t\t<div class=\"bdt-prime-slider-content\">\n\t\t\t<div data-bdt-slideshow-parallax=\"y: 150,0,-100; opacity: 1,1,0\">\n\t\t\t\t\t\t\t<\/div>\n\n\t\t\t\n\t\t\t\t\t\t\t<div class=\"bdt-main-title\">\n\t\t\t\t\t<h1 class=\"bdt-title-tag\"  data-bdt-slideshow-parallax=\"y: 50,0,-50; opacity: 1,1,0\">\n\t\t\t\t\t\t\t\t\t\t\t\t\t<span class=\"frist-word\">Gesti\u00f3n<\/span> Interna de Documental\t\t\t\t\t\t\t\t\t\t\t\t<\/h1>\n\t\t\t\t<\/div>\n\t\t\t\n\t\t\t\t\t\t\t<div class=\"bdt-slider-excerpt\" data-bdt-slideshow-parallax=\"y: 100,0,-80; opacity: 1,1,0\">\n\t\t\t\t\t<p><span style=\"vertical-align: inherit\"><span style=\"vertical-align: inherit\"><span style=\"vertical-align: inherit\"><span style=\"vertical-align: inherit\">Soluciones personalizadas que optimicen tus procesos documentales.<\/span><\/span><\/span><\/span><\/p>\t\t\t\t<\/div>\n\t\t\t\n\t\t\t<div data-bdt-slideshow-parallax=\"y: 150,0,-100; opacity: 1,1,0\">\n\t\t\t\t\n\t\t\n\t\t\t<a class=\"bdt-slide-btn\" href=\"https:\/\/www.archivos.com.py\/?page_id=564\" aria-label=\"Ver Servicio Button\">\n\n\t\t\t\t<span class=\"bdt-button-circle\" aria-hidden=\"true\">\n\t\t\t\t\t<span class=\"icon arrow\"><\/span>\n\t\t\t\t<\/span>\n\t\t\t\t<span class=\"bdt-button-text\">\n\t\t\t\t\tVer Servicio\t\t\t\t<\/span>\n\n\t\t\t<\/a>\n\n\t\t\t\n\t\t\t\t\t<\/div>\n\t\t<\/div>\n\n        \n\t\t\t\t\t<div class=\"bdt-ps-overlay\"><\/div>\n\t\t\t\t<\/div>\n\n\t\t\t\t\t\t\t\t    \n\t\t\t\t<div class=\"section elementor-repeater-item-1cb9713\" id=\"section-1cb9713\" style=\"background-image: url('https:\/\/www.archivos.com.py\/wp-content\/uploads\/2024\/09\/sharepoint.webp');\">\n\n\t\t\t\t\t\t\t<div class=\"bdt-prime-slider-content\">\n\t\t\t<div data-bdt-slideshow-parallax=\"y: 150,0,-100; opacity: 1,1,0\">\n\t\t\t\t\t\t\t<\/div>\n\n\t\t\t\n\t\t\t\t\t\t\t<div class=\"bdt-main-title\">\n\t\t\t\t\t<h1 class=\"bdt-title-tag\"  data-bdt-slideshow-parallax=\"y: 50,0,-50; opacity: 1,1,0\">\n\t\t\t\t\t\t\t\t\t\t\t\t\t<span class=\"frist-word\"><\/span>  SharePoint Personalizado\t\t\t\t\t\t\t\t\t\t\t\t<\/h1>\n\t\t\t\t<\/div>\n\t\t\t\n\t\t\t\t\t\t\t<div class=\"bdt-slider-excerpt\" data-bdt-slideshow-parallax=\"y: 100,0,-80; opacity: 1,1,0\">\n\t\t\t\t\t<p>Soluci\u00f3n Eficiente de Gesti\u00f3n, Colaboraci\u00f3n y flujos de trabajo<\/p>\t\t\t\t<\/div>\n\t\t\t\n\t\t\t<div data-bdt-slideshow-parallax=\"y: 150,0,-100; opacity: 1,1,0\">\n\t\t\t\t\n\t\t\n\t\t\t<a class=\"bdt-slide-btn\" href=\"https:\/\/www.archivos.com.py\/?page_id=1043\" aria-label=\"Ver Servicio Button\">\n\n\t\t\t\t<span class=\"bdt-button-circle\" aria-hidden=\"true\">\n\t\t\t\t\t<span class=\"icon arrow\"><\/span>\n\t\t\t\t<\/span>\n\t\t\t\t<span class=\"bdt-button-text\">\n\t\t\t\t\tVer Servicio\t\t\t\t<\/span>\n\n\t\t\t<\/a>\n\n\t\t\t\n\t\t\t\t\t<\/div>\n\t\t<\/div>\n\n        \n\t\t\t\t\t<div class=\"bdt-ps-overlay\"><\/div>\n\t\t\t\t<\/div>\n\n\t\t\t\n\t\t\t\n\t\t<\/div>\n\t\t\t\t\t\t<\/div>\n\t\t\t\t<\/div>\n\t\t\t\t<\/div>\n\t\t\t\t<\/div>\n\t\t","protected":false},"excerpt":{"rendered":"<p>Administraci\u00f3n y Guarda de documentos Almacenamiento, organizaci\u00f3n y custodia de documentos f\u00edsicos. Ver Servicio Digitalizaci\u00f3n de Documentos Documentos f\u00edsicos convertidos a digital. Ver Servicio Gesti\u00f3n Interna de Documental Soluciones personalizadas que optimicen tus procesos documentales. Ver Servicio SharePoint Personalizado Soluci\u00f3n Eficiente de Gesti\u00f3n, Colaboraci\u00f3n y flujos de trabajo Ver Servicio<\/p>\n","protected":false},"author":1,"featured_media":0,"parent":0,"menu_order":0,"comment_status":"closed","ping_status":"closed","template":"elementor_header_footer","meta":{"_joinchat":[],"footnotes":""},"class_list":["post-415","page","type-page","status-publish","hentry"],"_links":{"self":[{"href":"https:\/\/www.archivos.com.py\/index.php?rest_route=\/wp\/v2\/pages\/415","targetHints":{"allow":["GET"]}}],"collection":[{"href":"https:\/\/www.archivos.com.py\/index.php?rest_route=\/wp\/v2\/pages"}],"about":[{"href":"https:\/\/www.archivos.com.py\/index.php?rest_route=\/wp\/v2\/types\/page"}],"author":[{"embeddable":true,"href":"https:\/\/www.archivos.com.py\/index.php?rest_route=\/wp\/v2\/users\/1"}],"replies":[{"embeddable":true,"href":"https:\/\/www.archivos.com.py\/index.php?rest_route=%2Fwp%2Fv2%2Fcomments&post=415"}],"version-history":[{"count":79,"href":"https:\/\/www.archivos.com.py\/index.php?rest_route=\/wp\/v2\/pages\/415\/revisions"}],"predecessor-version":[{"id":1428,"href":"https:\/\/www.archivos.com.py\/index.php?rest_route=\/wp\/v2\/pages\/415\/revisions\/1428"}],"wp:attachment":[{"href":"https:\/\/www.archivos.com.py\/index.php?rest_route=%2Fwp%2Fv2%2Fmedia&parent=415"}],"curies":[{"name":"wp","href":"https:\/\/api.w.org\/{rel}","templated":true}]}}